{"id":202,"date":"2022-05-03T21:57:28","date_gmt":"2022-05-03T21:57:28","guid":{"rendered":"https:\/\/sartorial-matters.com\/?page_id=202"},"modified":"2022-06-23T13:52:00","modified_gmt":"2022-06-23T13:52:00","slug":"a-propos","status":"publish","type":"page","link":"https:\/\/sartorial-matters.com\/en\/a-propos","title":{"rendered":"About me"},"content":{"rendered":"<p>[et_pb_section fb_built=\u00a0\u00bb1&Prime; fullwidth=\u00a0\u00bbon\u00a0\u00bb _builder_version=\u00a0\u00bb4.17.3&Prime; _dynamic_attributes=\u00a0\u00bbbackground_image\u00a0\u00bb _module_preset=\u00a0\u00bbdefault\u00a0\u00bb background_image=\u00a0\u00bb@ET-DC@eyJkeW5hbWljIjp0cnVlLCJjb250ZW50IjoicG9zdF9mZWF0dXJlZF9pbWFnZSIsInNldHRpbmdzIjp7fX0=@\u00a0\u00bb hover_enabled=\u00a0\u00bb0&Prime; global_colors_info=\u00a0\u00bb{}\u00a0\u00bb sticky_enabled=\u00a0\u00bb0&Prime;][et_pb_fullwidth_header title=\u00a0\u00bb@ET-DC@eyJkeW5hbWljIjp0cnVlLCJjb250ZW50IjoicG9zdF90aXRsZSIsInNldHRpbmdzIjp7ImJlZm9yZSI6IiIsImFmdGVyIjoiIn19@\u00a0\u00bb background_overlay_color=\u00a0\u00bbrgba(0,0,0,0.7)\u00a0\u00bb _builder_version=\u00a0\u00bb4.17.3&Prime; _dynamic_attributes=\u00a0\u00bbtitle\u00a0\u00bb _module_preset=\u00a0\u00bbdefault\u00a0\u00bb title_text_align=\u00a0\u00bbcenter\u00a0\u00bb title_font_size=\u00a0\u00bb40px\u00a0\u00bb background_enable_color=\u00a0\u00bboff\u00a0\u00bb background_image=\u00a0\u00bbhttps:\/\/sartorial-matters.com\/wp-content\/uploads\/2022\/06\/IMG_0091-2-scaled.jpg\u00a0\u00bb custom_padding=\u00a0\u00bb125px||125px||true|false\u00a0\u00bb custom_padding_tablet=\u00a0\u00bb100px||100px||false|false\u00a0\u00bb custom_padding_phone=\u00a0\u00bb100px||100px||false|false\u00a0\u00bb custom_padding_last_edited=\u00a0\u00bbon|desktop\u00a0\u00bb animation_direction=\u00a0\u00bbbottom\u00a0\u00bb hover_enabled=\u00a0\u00bb0&Prime; global_colors_info=\u00a0\u00bb{}\u00a0\u00bb alt=\u00a0\u00bbsartorial matters\u00a0\u00bb title_text=\u00a0\u00bbIMG_0091-2&Prime; sticky_enabled=\u00a0\u00bb0&Prime;][\/et_pb_fullwidth_header][\/et_pb_section][et_pb_section fb_built=\u00a0\u00bb1&Prime; _builder_version=\u00a0\u00bb4.17.3&Prime; _module_preset=\u00a0\u00bbdefault\u00a0\u00bb global_colors_info=\u00a0\u00bb{}\u00a0\u00bb][et_pb_row _builder_version=\u00a0\u00bb4.17.3&Prime; _module_preset=\u00a0\u00bbdefault\u00a0\u00bb global_colors_info=\u00a0\u00bb{}\u00a0\u00bb][et_pb_column type=\u00a0\u00bb4_4&Prime; _builder_version=\u00a0\u00bb4.17.3&Prime; _module_preset=\u00a0\u00bbdefault\u00a0\u00bb global_colors_info=\u00a0\u00bb{}\u00a0\u00bb][et_pb_text _builder_version=\u00a0\u00bb4.17.3&Prime; _module_preset=\u00a0\u00bbdefault\u00a0\u00bb global_colors_info=\u00a0\u00bb{}\u00a0\u00bb]<\/p>\n<h2 style=\"text-align: center;\">Who am I?<\/h2>\n<p>[\/et_pb_text][et_pb_divider color=\u00a0\u00bb#aa9851&Prime; divider_weight=\u00a0\u00bb2px\u00a0\u00bb _builder_version=\u00a0\u00bb4.17.3&Prime; _module_preset=\u00a0\u00bbdefault\u00a0\u00bb width=\u00a0\u00bb70px\u00a0\u00bb module_alignment=\u00a0\u00bbcenter\u00a0\u00bb global_module=\u00a0\u00bb208&Prime; saved_tabs=\u00a0\u00bball\u00a0\u00bb global_colors_info=\u00a0\u00bb{}\u00a0\u00bb][\/et_pb_divider][\/et_pb_column][\/et_pb_row][et_pb_row _builder_version=\u00a0\u00bb4.17.3&Prime; _module_preset=\u00a0\u00bbdefault\u00a0\u00bb width=\u00a0\u00bb60%\u00a0\u00bb width_tablet=\u00a0\u00bb80%\u00a0\u00bb width_phone=\u00a0\u00bb80%\u00a0\u00bb width_last_edited=\u00a0\u00bbon|desktop\u00a0\u00bb global_colors_info=\u00a0\u00bb{}\u00a0\u00bb][et_pb_column type=\u00a0\u00bb4_4&Prime; _builder_version=\u00a0\u00bb4.17.3&Prime; _module_preset=\u00a0\u00bbdefault\u00a0\u00bb global_colors_info=\u00a0\u00bb{}\u00a0\u00bb][et_pb_text _builder_version=\u00a0\u00bb4.17.3&Prime; _module_preset=\u00a0\u00bbdefault\u00a0\u00bb text_font_size=\u00a0\u00bb15px\u00a0\u00bb global_colors_info=\u00a0\u00bb{}\u00a0\u00bb]<\/p>\n<p>My name is Cl\u00e9ment, I'm 21 years old, and I have been dressing according to the sartorial codes for about two years now. If I were to categorize my approach, I would classify it as classic and conservative.<\/p>\n<p>My taste for sartorial art comes first and foremost from my passion for beauty, craftsmanship, art, everything that is well made, and almost eternal after all.<\/p>\n<p>I am sure that being well dressed is close to paramount. I came to that conclusion during my high school years, and I started wearing the basic off-the-rack suits that you can find pretty much everywhere. Back then, I knew nothing about the existence of the sartorial world, let alone all the community surrounding it. Therefore, I used to wear glued-lining jackets, and made colour choices that could use some improvement.<\/p>\n<p>However, I was lucky enough to have my mother, who has always been a reference in terms of taste for me, guiding me towards brands offering suits that had no synthetic fabrics within their composition. Despite being stylistically perfect, at least I was wearing something with a sufficient quality.<\/p>\n<p>I accompanied my (very) tight suits with very basic white or light-coloured trainers. Anyway, I was the typical profile of the young person who discovered the world of suits without really having dug deeper than the ready-to-wear he could find within a radius of twenty kilometres.<\/p>\n<p>A year goes by and I still wear the suit quite regularly, not necessarily very well, but still. I was now in my first year of higher education. Even then, I had already received the traditional remarks like :<\/p>\n<p style=\"text-align: center;\"><em>\"The suit looks very haughty\".<\/em><\/p>\n<p style=\"text-align: center;\"><em>\"You don't seem approachable\"<\/em><\/p>\n<p style=\"text-align: center;\"><em><\/em><\/p>\n<p>To tell the truth, I don't blame them, it's true that my style was rather austere to say the least. I only wore a black or grey suit. It didn't necessarily make people want to come and talk to me.<\/p>\n<p>In the middle of the year, COVID hits the world and we are confined. Back in my hometown, and during long sleepless nights spent on YouTube, I discover the person who will embark me on what will be a most rewarding adventure.<\/p>\n<p>As you may have guessed, I discovered Hugo Jacomet through his Sartorial Talks. I exhausted all the content of his channel in less than 3 nights, if my memory serves me well. All the videos seemed more interesting than the others. So I decided to learn more about this art, to abandon my old suits and to totally transform my wardrobe.<\/p>\n<p>In my articles you will discover the journey I have taken, the mistakes I have made, the brands I have tried, my regrets, my best decisions, and so much more.<\/p>\n<p class=\"p1\" style=\"text-align: left;\">Thank you for reading and see you soon.<\/p>\n<p class=\"p1\" style=\"text-align: left;\">- Clement<\/p>\n<p>[\/et_pb_text][et_pb_image src=\u00a0\u00bbhttps:\/\/sartorial-matters.com\/wp-content\/uploads\/2022\/05\/IMG_3764.jpg\u00a0\u00bb title_text=\u00a0\u00bbIMG_3764&Prime; _builder_version=\u00a0\u00bb4.17.3&Prime; _module_preset=\u00a0\u00bbdefault\u00a0\u00bb width=\u00a0\u00bb200px\u00a0\u00bb width_tablet=\u00a0\u00bb200px\u00a0\u00bb width_phone=\u00a0\u00bb175px\u00a0\u00bb width_last_edited=\u00a0\u00bbon|phone\u00a0\u00bb module_alignment=\u00a0\u00bbright\u00a0\u00bb global_colors_info=\u00a0\u00bb{}\u00a0\u00bb][\/et_pb_image][\/et_pb_column][\/et_pb_row][\/et_pb_section]<\/p>","protected":false},"excerpt":{"rendered":"<p>Qui suis-je ?Je m\u2019appelle Cl\u00e9ment, j\u2019ai 21 ans, et je m\u2019habille de mani\u00e8re \u00ab\u00a0sartoriale\u00a0\u00bb tous les jours depuis bient\u00f4t deux ans. Si je devais me ranger dans une cat\u00e9gorie, ce serait le style classique conservateur. Mon go\u00fbt pour l\u2019art sartorial vient avant tout de ma passion pour le beau, l\u2019artisanat, l\u2019art, tout ce qui est [&hellip;]<\/p>","protected":false},"author":1,"featured_media":0,"parent":0,"menu_order":0,"comment_status":"closed","ping_status":"closed","template":"","meta":{"_et_pb_use_builder":"on","_et_pb_old_content":"","_et_gb_content_width":"","footnotes":""},"class_list":["post-202","page","type-page","status-publish","hentry"],"yoast_head":"<!-- This site is optimized with the Yoast SEO plugin v20.13 - https:\/\/yoast.com\/wordpress\/plugins\/seo\/ -->\n<title>\u00c0 propos - Sartorial Matters<\/title>\n<meta name=\"robots\" content=\"index, follow, max-snippet:-1, max-image-preview:large, max-video-preview:-1\" \/>\n<link rel=\"canonical\" href=\"https:\/\/sartorial-matters.com\/en\/a-propos\/\" \/>\n<meta property=\"og:locale\" content=\"en_GB\" \/>\n<meta property=\"og:type\" content=\"article\" \/>\n<meta property=\"og:title\" content=\"\u00c0 propos - Sartorial Matters\" \/>\n<meta property=\"og:description\" content=\"Qui suis-je ?Je m\u2019appelle Cl\u00e9ment, j\u2019ai 21 ans, et je m\u2019habille de mani\u00e8re \u00ab\u00a0sartoriale\u00a0\u00bb tous les jours depuis bient\u00f4t deux ans. Si je devais me ranger dans une cat\u00e9gorie, ce serait le style classique conservateur. Mon go\u00fbt pour l\u2019art sartorial vient avant tout de ma passion pour le beau, l\u2019artisanat, l\u2019art, tout ce qui est [&hellip;]\" \/>\n<meta property=\"og:url\" content=\"https:\/\/sartorial-matters.com\/en\/a-propos\/\" \/>\n<meta property=\"og:site_name\" content=\"Sartorial Matters\" \/>\n<meta property=\"article:modified_time\" content=\"2022-06-23T13:52:00+00:00\" \/>\n<meta name=\"twitter:card\" content=\"summary_large_image\" \/>\n<meta name=\"twitter:site\" content=\"@leseulclement\" \/>\n<meta name=\"twitter:label1\" content=\"Estimated reading time\" \/>\n\t<meta name=\"twitter:data1\" content=\"4 minutes\" \/>\n<script type=\"application\/ld+json\" class=\"yoast-schema-graph\">{\"@context\":\"https:\/\/schema.org\",\"@graph\":[{\"@type\":\"WebPage\",\"@id\":\"https:\/\/sartorial-matters.com\/a-propos\",\"url\":\"https:\/\/sartorial-matters.com\/a-propos\",\"name\":\"\u00c0 propos - Sartorial Matters\",\"isPartOf\":{\"@id\":\"https:\/\/sartorial-matters.com\/#website\"},\"datePublished\":\"2022-05-03T21:57:28+00:00\",\"dateModified\":\"2022-06-23T13:52:00+00:00\",\"breadcrumb\":{\"@id\":\"https:\/\/sartorial-matters.com\/a-propos#breadcrumb\"},\"inLanguage\":\"en-GB\",\"potentialAction\":[{\"@type\":\"ReadAction\",\"target\":[\"https:\/\/sartorial-matters.com\/a-propos\"]}]},{\"@type\":\"BreadcrumbList\",\"@id\":\"https:\/\/sartorial-matters.com\/a-propos#breadcrumb\",\"itemListElement\":[{\"@type\":\"ListItem\",\"position\":1,\"name\":\"Accueil\",\"item\":\"https:\/\/sartorial-matters.com\/\"},{\"@type\":\"ListItem\",\"position\":2,\"name\":\"\u00c0 propos\"}]},{\"@type\":\"WebSite\",\"@id\":\"https:\/\/sartorial-matters.com\/#website\",\"url\":\"https:\/\/sartorial-matters.com\/\",\"name\":\"Sartorial Matters\",\"description\":\"Un blog sartorial\",\"publisher\":{\"@id\":\"https:\/\/sartorial-matters.com\/#organization\"},\"potentialAction\":[{\"@type\":\"SearchAction\",\"target\":{\"@type\":\"EntryPoint\",\"urlTemplate\":\"https:\/\/sartorial-matters.com\/?s={search_term_string}\"},\"query-input\":\"required name=search_term_string\"}],\"inLanguage\":\"en-GB\"},{\"@type\":\"Organization\",\"@id\":\"https:\/\/sartorial-matters.com\/#organization\",\"name\":\"Sartorial Matters\",\"url\":\"https:\/\/sartorial-matters.com\/\",\"logo\":{\"@type\":\"ImageObject\",\"inLanguage\":\"en-GB\",\"@id\":\"https:\/\/sartorial-matters.com\/#\/schema\/logo\/image\/\",\"url\":\"https:\/\/sartorial-matters.com\/wp-content\/uploads\/2022\/05\/Logo-Parapluie.png\",\"contentUrl\":\"https:\/\/sartorial-matters.com\/wp-content\/uploads\/2022\/05\/Logo-Parapluie.png\",\"width\":2000,\"height\":220,\"caption\":\"Sartorial Matters\"},\"image\":{\"@id\":\"https:\/\/sartorial-matters.com\/#\/schema\/logo\/image\/\"},\"sameAs\":[\"https:\/\/twitter.com\/leseulclement\",\"https:\/\/www.instagram.com\/sartorialmattersfrance\/\"]}]}<\/script>\n<!-- \/ Yoast SEO plugin. -->","yoast_head_json":{"title":"\u00c0 propos - Sartorial Matters","robots":{"index":"index","follow":"follow","max-snippet":"max-snippet:-1","max-image-preview":"max-image-preview:large","max-video-preview":"max-video-preview:-1"},"canonical":"https:\/\/sartorial-matters.com\/en\/a-propos\/","og_locale":"en_GB","og_type":"article","og_title":"\u00c0 propos - Sartorial Matters","og_description":"Qui suis-je ?Je m\u2019appelle Cl\u00e9ment, j\u2019ai 21 ans, et je m\u2019habille de mani\u00e8re \u00ab\u00a0sartoriale\u00a0\u00bb tous les jours depuis bient\u00f4t deux ans. Si je devais me ranger dans une cat\u00e9gorie, ce serait le style classique conservateur. Mon go\u00fbt pour l\u2019art sartorial vient avant tout de ma passion pour le beau, l\u2019artisanat, l\u2019art, tout ce qui est [&hellip;]","og_url":"https:\/\/sartorial-matters.com\/en\/a-propos\/","og_site_name":"Sartorial Matters","article_modified_time":"2022-06-23T13:52:00+00:00","twitter_card":"summary_large_image","twitter_site":"@leseulclement","twitter_misc":{"Estimated reading time":"4 minutes"},"schema":{"@context":"https:\/\/schema.org","@graph":[{"@type":"WebPage","@id":"https:\/\/sartorial-matters.com\/a-propos","url":"https:\/\/sartorial-matters.com\/a-propos","name":"\u00c0 propos - Sartorial Matters","isPartOf":{"@id":"https:\/\/sartorial-matters.com\/#website"},"datePublished":"2022-05-03T21:57:28+00:00","dateModified":"2022-06-23T13:52:00+00:00","breadcrumb":{"@id":"https:\/\/sartorial-matters.com\/a-propos#breadcrumb"},"inLanguage":"en-GB","potentialAction":[{"@type":"ReadAction","target":["https:\/\/sartorial-matters.com\/a-propos"]}]},{"@type":"BreadcrumbList","@id":"https:\/\/sartorial-matters.com\/a-propos#breadcrumb","itemListElement":[{"@type":"ListItem","position":1,"name":"Accueil","item":"https:\/\/sartorial-matters.com\/"},{"@type":"ListItem","position":2,"name":"\u00c0 propos"}]},{"@type":"WebSite","@id":"https:\/\/sartorial-matters.com\/#website","url":"https:\/\/sartorial-matters.com\/","name":"Sartorial Matters","description":"Un blog sartorial","publisher":{"@id":"https:\/\/sartorial-matters.com\/#organization"},"potentialAction":[{"@type":"SearchAction","target":{"@type":"EntryPoint","urlTemplate":"https:\/\/sartorial-matters.com\/?s={search_term_string}"},"query-input":"required name=search_term_string"}],"inLanguage":"en-GB"},{"@type":"Organization","@id":"https:\/\/sartorial-matters.com\/#organization","name":"Sartorial Matters","url":"https:\/\/sartorial-matters.com\/","logo":{"@type":"ImageObject","inLanguage":"en-GB","@id":"https:\/\/sartorial-matters.com\/#\/schema\/logo\/image\/","url":"https:\/\/sartorial-matters.com\/wp-content\/uploads\/2022\/05\/Logo-Parapluie.png","contentUrl":"https:\/\/sartorial-matters.com\/wp-content\/uploads\/2022\/05\/Logo-Parapluie.png","width":2000,"height":220,"caption":"Sartorial Matters"},"image":{"@id":"https:\/\/sartorial-matters.com\/#\/schema\/logo\/image\/"},"sameAs":["https:\/\/twitter.com\/leseulclement","https:\/\/www.instagram.com\/sartorialmattersfrance\/"]}]}},"_links":{"self":[{"href":"https:\/\/sartorial-matters.com\/en\/wp-json\/wp\/v2\/pages\/202","targetHints":{"allow":["GET"]}}],"collection":[{"href":"https:\/\/sartorial-matters.com\/en\/wp-json\/wp\/v2\/pages"}],"about":[{"href":"https:\/\/sartorial-matters.com\/en\/wp-json\/wp\/v2\/types\/page"}],"author":[{"embeddable":true,"href":"https:\/\/sartorial-matters.com\/en\/wp-json\/wp\/v2\/users\/1"}],"replies":[{"embeddable":true,"href":"https:\/\/sartorial-matters.com\/en\/wp-json\/wp\/v2\/comments?post=202"}],"version-history":[{"count":13,"href":"https:\/\/sartorial-matters.com\/en\/wp-json\/wp\/v2\/pages\/202\/revisions"}],"predecessor-version":[{"id":294,"href":"https:\/\/sartorial-matters.com\/en\/wp-json\/wp\/v2\/pages\/202\/revisions\/294"}],"wp:attachment":[{"href":"https:\/\/sartorial-matters.com\/en\/wp-json\/wp\/v2\/media?parent=202"}],"curies":[{"name":"wp","href":"https:\/\/api.w.org\/{rel}","templated":true}]}}