{"id":329,"date":"2022-06-25T13:11:53","date_gmt":"2022-06-25T13:11:53","guid":{"rendered":"https:\/\/sartorial-matters.com\/?page_id=329"},"modified":"2022-06-25T13:16:33","modified_gmt":"2022-06-25T13:16:33","slug":"articles","status":"publish","type":"page","link":"https:\/\/sartorial-matters.com\/en\/articles","title":{"rendered":"Posts"},"content":{"rendered":"<p>[et_pb_section fb_built=\u00a0\u00bb1&Prime; fullwidth=\u00a0\u00bbon\u00a0\u00bb _builder_version=\u00a0\u00bb4.17.3&Prime; _dynamic_attributes=\u00a0\u00bbbackground_image\u00a0\u00bb _module_preset=\u00a0\u00bbdefault\u00a0\u00bb background_image=\u00a0\u00bb@ET-DC@eyJkeW5hbWljIjp0cnVlLCJjb250ZW50IjoicG9zdF9mZWF0dXJlZF9pbWFnZSIsInNldHRpbmdzIjp7fX0=@\u00a0\u00bb global_colors_info=\u00a0\u00bb{}\u00a0\u00bb][et_pb_fullwidth_header title=\u00a0\u00bb@ET-DC@eyJkeW5hbWljIjp0cnVlLCJjb250ZW50IjoicG9zdF90aXRsZSIsInNldHRpbmdzIjp7ImJlZm9yZSI6IiIsImFmdGVyIjoiIn19@\u00a0\u00bb background_overlay_color=\u00a0\u00bbrgba(0,0,0,0.7)\u00a0\u00bb _builder_version=\u00a0\u00bb4.17.3&Prime; _dynamic_attributes=\u00a0\u00bbtitle\u00a0\u00bb _module_preset=\u00a0\u00bbdefault\u00a0\u00bb title_text_align=\u00a0\u00bbcenter\u00a0\u00bb title_font_size=\u00a0\u00bb40px\u00a0\u00bb background_enable_color=\u00a0\u00bboff\u00a0\u00bb background_image=\u00a0\u00bbhttps:\/\/sartorial-matters.com\/wp-content\/uploads\/2022\/06\/IMG_0091-2-scaled.jpg\u00a0\u00bb custom_padding=\u00a0\u00bb125px||125px||true|false\u00a0\u00bb custom_padding_tablet=\u00a0\u00bb100px||100px||false|false\u00a0\u00bb custom_padding_phone=\u00a0\u00bb100px||100px||false|false\u00a0\u00bb custom_padding_last_edited=\u00a0\u00bbon|desktop\u00a0\u00bb animation_direction=\u00a0\u00bbbottom\u00a0\u00bb global_colors_info=\u00a0\u00bb{}\u00a0\u00bb][\/et_pb_fullwidth_header][\/et_pb_section][et_pb_section fb_built=\u00a0\u00bb1&Prime; _builder_version=\u00a0\u00bb4.17.3&Prime; _module_preset=\u00a0\u00bbdefault\u00a0\u00bb background_color=\u00a0\u00bb#f4f4f4&Prime; global_colors_info=\u00a0\u00bb{}\u00a0\u00bb][et_pb_row _builder_version=\u00a0\u00bb4.17.3&Prime; _module_preset=\u00a0\u00bbdefault\u00a0\u00bb width=\u00a0\u00bb60%\u00a0\u00bb width_tablet=\u00a0\u00bb80%\u00a0\u00bb width_phone=\u00a0\u00bb80%\u00a0\u00bb width_last_edited=\u00a0\u00bbon|desktop\u00a0\u00bb global_colors_info=\u00a0\u00bb{}\u00a0\u00bb][et_pb_column type=\u00a0\u00bb4_4&Prime; _builder_version=\u00a0\u00bb4.17.3&Prime; _module_preset=\u00a0\u00bbdefault\u00a0\u00bb global_colors_info=\u00a0\u00bb{}\u00a0\u00bb][et_pb_blog fullwidth=\u00a0\u00bboff\u00a0\u00bb posts_number=\u00a0\u00bb6&Prime; include_categories=\u00a0\u00bball\u00a0\u00bb meta_date=\u00a0\u00bbj M Y\u00a0\u00bb excerpt_length=\u00a0\u00bb120&Prime; show_more=\u00a0\u00bbon\u00a0\u00bb show_author=\u00a0\u00bboff\u00a0\u00bb show_date=\u00a0\u00bboff\u00a0\u00bb show_categories=\u00a0\u00bboff\u00a0\u00bb masonry_tile_background_color=\u00a0\u00bb#FFFFFF\u00a0\u00bb _builder_version=\u00a0\u00bb4.17.3&Prime; _module_preset=\u00a0\u00bbdefault\u00a0\u00bb header_font=\u00a0\u00bb||||||||\u00a0\u00bb header_text_align=\u00a0\u00bbcenter\u00a0\u00bb header_font_size=\u00a0\u00bb20px\u00a0\u00bb header_line_height=\u00a0\u00bb1.8em\u00a0\u00bb body_text_align=\u00a0\u00bbcenter\u00a0\u00bb body_font_size=\u00a0\u00bb15px\u00a0\u00bb body_line_height=\u00a0\u00bb1.8em\u00a0\u00bb read_more_font=\u00a0\u00bbOpen Sans|600||on|||||\u00a0\u00bb read_more_text_color=\u00a0\u00bb#aa9851&Prime; read_more_font_size=\u00a0\u00bb13px\u00a0\u00bb read_more_letter_spacing=\u00a0\u00bb1px\u00a0\u00bb read_more_line_height=\u00a0\u00bb2.5em\u00a0\u00bb pagination_font=\u00a0\u00bb|600|||||||\u00a0\u00bb pagination_text_color=\u00a0\u00bb#d2af26&Prime; custom_margin=\u00a0\u00bb||||false|false\u00a0\u00bb border_radii=\u00a0\u00bbon|5px|5px|5px|5px\u00a0\u00bb border_width_all=\u00a0\u00bb0px\u00a0\u00bb box_shadow_style=\u00a0\u00bbpreset1&Prime; box_shadow_color=\u00a0\u00bbrgba(0,0,0,0.26)\u00a0\u00bb global_colors_info=\u00a0\u00bb{}\u00a0\u00bb][\/et_pb_blog][\/et_pb_column][\/et_pb_row][\/et_pb_section][et_pb_section fb_built=\u00a0\u00bb1&Prime; _builder_version=\u00a0\u00bb4.17.3&Prime; _module_preset=\u00a0\u00bbdefault\u00a0\u00bb background_enable_color=\u00a0\u00bboff\u00a0\u00bb background_image=\u00a0\u00bbhttps:\/\/sartorial-matters.com\/wp-content\/uploads\/2022\/06\/IMG_0092-2.png\u00a0\u00bb global_colors_info=\u00a0\u00bb{}\u00a0\u00bb global_module=\u00a0\u00bb335&Prime; theme_builder_area=\u00a0\u00bbpost_content\u00a0\u00bb][et_pb_row _builder_version=\u00a0\u00bb4.17.3&Prime; _module_preset=\u00a0\u00bbdefault\u00a0\u00bb global_colors_info=\u00a0\u00bb{}\u00a0\u00bb theme_builder_area=\u00a0\u00bbpost_content\u00a0\u00bb][et_pb_column type=\u00a0\u00bb4_4&Prime; _builder_version=\u00a0\u00bb4.17.3&Prime; _module_preset=\u00a0\u00bbdefault\u00a0\u00bb global_colors_info=\u00a0\u00bb{}\u00a0\u00bb theme_builder_area=\u00a0\u00bbpost_content\u00a0\u00bb][et_pb_text _builder_version=\u00a0\u00bb4.17.3&Prime; _module_preset=\u00a0\u00bbdefault\u00a0\u00bb header_2_text_color=\u00a0\u00bb#FFFFFF\u00a0\u00bb global_colors_info=\u00a0\u00bb{}\u00a0\u00bb theme_builder_area=\u00a0\u00bbpost_content\u00a0\u00bb]<\/p>\n<h2 style=\"text-align: center;\">About me<\/h2>\n<p>[\/et_pb_text][et_pb_divider color=\u00a0\u00bb#aa9851&Prime; divider_weight=\u00a0\u00bb2px\u00a0\u00bb _builder_version=\u00a0\u00bb4.17.3&Prime; _module_preset=\u00a0\u00bbdefault\u00a0\u00bb width=\u00a0\u00bb70px\u00a0\u00bb module_alignment=\u00a0\u00bbcenter\u00a0\u00bb global_colors_info=\u00a0\u00bb{}\u00a0\u00bb theme_builder_area=\u00a0\u00bbpost_content\u00a0\u00bb][\/et_pb_divider][et_pb_text _builder_version=\u00a0\u00bb4.17.3&Prime; _module_preset=\u00a0\u00bbdefault\u00a0\u00bb text_text_color=\u00a0\u00bb#FFFFFF\u00a0\u00bb text_font_size=\u00a0\u00bb15px\u00a0\u00bb custom_margin=\u00a0\u00bb||50px|||\u00a0\u00bb global_colors_info=\u00a0\u00bb{}\u00a0\u00bb theme_builder_area=\u00a0\u00bbpost_content\u00a0\u00bb]<\/p>\n<p>My name is Cl\u00e9ment, I'm 21 years old, and I have been dressing according to the sartorial codes for about two years now. If I were to categorize my approach, I would classify it as classic and conservative.<\/p>\n<p>My taste for sartorial art comes first and foremost from my passion for beauty, craftsmanship, art, everything that is well made, and almost eternal after all.<\/p>\n<p>I am sure that being well dressed is close to paramount. I came to that conclusion during my high school years, and I started wearing the basic off-the-rack suits that you can find pretty much everywhere. Back then, I knew nothing about the existence of the sartorial world, let alone all the community surrounding it. Therefore, I used to wear glued-lining jackets, and made colour choices that could use some improvement.<\/p>\n<p>[\/et_pb_text][et_pb_button button_url=\u00a0\u00bb\/a-propos\u00a0\u00bb button_text=\u00a0\u00bbEN SAVOIR PLUS\u00a0\u00bb button_alignment=\u00a0\u00bbcenter\u00a0\u00bb _builder_version=\u00a0\u00bb4.17.3&Prime; _module_preset=\u00a0\u00bbdefault\u00a0\u00bb custom_button=\u00a0\u00bbon\u00a0\u00bb button_text_size=\u00a0\u00bb14px\u00a0\u00bb button_text_color=\u00a0\u00bb#FFFFFF\u00a0\u00bb button_bg_color=\u00a0\u00bb#aa9851&Prime; button_border_width=\u00a0\u00bb0px\u00a0\u00bb button_border_radius=\u00a0\u00bb0px\u00a0\u00bb button_font=\u00a0\u00bbOpen Sans|600||on|||||\u00a0\u00bb button_use_icon=\u00a0\u00bboff\u00a0\u00bb custom_padding=\u00a0\u00bb15px|20px|15px|20px|true|false\u00a0\u00bb global_colors_info=\u00a0\u00bb{}\u00a0\u00bb theme_builder_area=\u00a0\u00bbpost_content\u00a0\u00bb][\/et_pb_button][\/et_pb_column][\/et_pb_row][\/et_pb_section]<\/p>","protected":false},"excerpt":{"rendered":"<p>\u00c0 propos de moiJe m\u2019appelle Cl\u00e9ment, j\u2019ai 21 ans, et je m\u2019habille de mani\u00e8re \u00ab\u00a0sartoriale\u00a0\u00bb tous les jours depuis bient\u00f4t deux ans. Si je devais me ranger dans une cat\u00e9gorie, ce serait le style classique conservateur. Mon go\u00fbt pour l\u2019art sartorial vient avant tout de ma passion pour le beau, l\u2019artisanat, l\u2019art, tout ce qui [&hellip;]<\/p>","protected":false},"author":1,"featured_media":0,"parent":0,"menu_order":0,"comment_status":"closed","ping_status":"closed","template":"","meta":{"_et_pb_use_builder":"on","_et_pb_old_content":"","_et_gb_content_width":"","footnotes":""},"class_list":["post-329","page","type-page","status-publish","hentry"],"yoast_head":"<!-- This site is optimized with the Yoast SEO plugin v20.13 - https:\/\/yoast.com\/wordpress\/plugins\/seo\/ -->\n<title>Articles - Sartorial Matters<\/title>\n<meta name=\"robots\" content=\"index, follow, max-snippet:-1, max-image-preview:large, max-video-preview:-1\" \/>\n<link rel=\"canonical\" href=\"https:\/\/sartorial-matters.com\/en\/articles\/\" \/>\n<meta property=\"og:locale\" content=\"en_GB\" \/>\n<meta property=\"og:type\" content=\"article\" \/>\n<meta property=\"og:title\" content=\"Articles - Sartorial Matters\" \/>\n<meta property=\"og:description\" content=\"\u00c0 propos de moiJe m\u2019appelle Cl\u00e9ment, j\u2019ai 21 ans, et je m\u2019habille de mani\u00e8re \u00ab\u00a0sartoriale\u00a0\u00bb tous les jours depuis bient\u00f4t deux ans. Si je devais me ranger dans une cat\u00e9gorie, ce serait le style classique conservateur. Mon go\u00fbt pour l\u2019art sartorial vient avant tout de ma passion pour le beau, l\u2019artisanat, l\u2019art, tout ce qui [&hellip;]\" \/>\n<meta property=\"og:url\" content=\"https:\/\/sartorial-matters.com\/en\/articles\/\" \/>\n<meta property=\"og:site_name\" content=\"Sartorial Matters\" \/>\n<meta property=\"article:modified_time\" content=\"2022-06-25T13:16:33+00:00\" \/>\n<meta name=\"twitter:card\" content=\"summary_large_image\" \/>\n<meta name=\"twitter:site\" content=\"@leseulclement\" \/>\n<script type=\"application\/ld+json\" class=\"yoast-schema-graph\">{\"@context\":\"https:\/\/schema.org\",\"@graph\":[{\"@type\":\"WebPage\",\"@id\":\"https:\/\/sartorial-matters.com\/articles\",\"url\":\"https:\/\/sartorial-matters.com\/articles\",\"name\":\"Articles - Sartorial Matters\",\"isPartOf\":{\"@id\":\"https:\/\/sartorial-matters.com\/#website\"},\"datePublished\":\"2022-06-25T13:11:53+00:00\",\"dateModified\":\"2022-06-25T13:16:33+00:00\",\"breadcrumb\":{\"@id\":\"https:\/\/sartorial-matters.com\/articles#breadcrumb\"},\"inLanguage\":\"en-GB\",\"potentialAction\":[{\"@type\":\"ReadAction\",\"target\":[\"https:\/\/sartorial-matters.com\/articles\"]}]},{\"@type\":\"BreadcrumbList\",\"@id\":\"https:\/\/sartorial-matters.com\/articles#breadcrumb\",\"itemListElement\":[{\"@type\":\"ListItem\",\"position\":1,\"name\":\"Accueil\",\"item\":\"https:\/\/sartorial-matters.com\/\"},{\"@type\":\"ListItem\",\"position\":2,\"name\":\"Articles\"}]},{\"@type\":\"WebSite\",\"@id\":\"https:\/\/sartorial-matters.com\/#website\",\"url\":\"https:\/\/sartorial-matters.com\/\",\"name\":\"Sartorial Matters\",\"description\":\"Un blog sartorial\",\"publisher\":{\"@id\":\"https:\/\/sartorial-matters.com\/#organization\"},\"potentialAction\":[{\"@type\":\"SearchAction\",\"target\":{\"@type\":\"EntryPoint\",\"urlTemplate\":\"https:\/\/sartorial-matters.com\/?s={search_term_string}\"},\"query-input\":\"required name=search_term_string\"}],\"inLanguage\":\"en-GB\"},{\"@type\":\"Organization\",\"@id\":\"https:\/\/sartorial-matters.com\/#organization\",\"name\":\"Sartorial Matters\",\"url\":\"https:\/\/sartorial-matters.com\/\",\"logo\":{\"@type\":\"ImageObject\",\"inLanguage\":\"en-GB\",\"@id\":\"https:\/\/sartorial-matters.com\/#\/schema\/logo\/image\/\",\"url\":\"https:\/\/sartorial-matters.com\/wp-content\/uploads\/2022\/05\/Logo-Parapluie.png\",\"contentUrl\":\"https:\/\/sartorial-matters.com\/wp-content\/uploads\/2022\/05\/Logo-Parapluie.png\",\"width\":2000,\"height\":220,\"caption\":\"Sartorial Matters\"},\"image\":{\"@id\":\"https:\/\/sartorial-matters.com\/#\/schema\/logo\/image\/\"},\"sameAs\":[\"https:\/\/twitter.com\/leseulclement\",\"https:\/\/www.instagram.com\/sartorialmattersfrance\/\"]}]}<\/script>\n<!-- \/ Yoast SEO plugin. -->","yoast_head_json":{"title":"Articles - Sartorial Matters","robots":{"index":"index","follow":"follow","max-snippet":"max-snippet:-1","max-image-preview":"max-image-preview:large","max-video-preview":"max-video-preview:-1"},"canonical":"https:\/\/sartorial-matters.com\/en\/articles\/","og_locale":"en_GB","og_type":"article","og_title":"Articles - Sartorial Matters","og_description":"\u00c0 propos de moiJe m\u2019appelle Cl\u00e9ment, j\u2019ai 21 ans, et je m\u2019habille de mani\u00e8re \u00ab\u00a0sartoriale\u00a0\u00bb tous les jours depuis bient\u00f4t deux ans. Si je devais me ranger dans une cat\u00e9gorie, ce serait le style classique conservateur. Mon go\u00fbt pour l\u2019art sartorial vient avant tout de ma passion pour le beau, l\u2019artisanat, l\u2019art, tout ce qui [&hellip;]","og_url":"https:\/\/sartorial-matters.com\/en\/articles\/","og_site_name":"Sartorial Matters","article_modified_time":"2022-06-25T13:16:33+00:00","twitter_card":"summary_large_image","twitter_site":"@leseulclement","schema":{"@context":"https:\/\/schema.org","@graph":[{"@type":"WebPage","@id":"https:\/\/sartorial-matters.com\/articles","url":"https:\/\/sartorial-matters.com\/articles","name":"Articles - Sartorial Matters","isPartOf":{"@id":"https:\/\/sartorial-matters.com\/#website"},"datePublished":"2022-06-25T13:11:53+00:00","dateModified":"2022-06-25T13:16:33+00:00","breadcrumb":{"@id":"https:\/\/sartorial-matters.com\/articles#breadcrumb"},"inLanguage":"en-GB","potentialAction":[{"@type":"ReadAction","target":["https:\/\/sartorial-matters.com\/articles"]}]},{"@type":"BreadcrumbList","@id":"https:\/\/sartorial-matters.com\/articles#breadcrumb","itemListElement":[{"@type":"ListItem","position":1,"name":"Accueil","item":"https:\/\/sartorial-matters.com\/"},{"@type":"ListItem","position":2,"name":"Articles"}]},{"@type":"WebSite","@id":"https:\/\/sartorial-matters.com\/#website","url":"https:\/\/sartorial-matters.com\/","name":"Sartorial Matters","description":"Un blog sartorial","publisher":{"@id":"https:\/\/sartorial-matters.com\/#organization"},"potentialAction":[{"@type":"SearchAction","target":{"@type":"EntryPoint","urlTemplate":"https:\/\/sartorial-matters.com\/?s={search_term_string}"},"query-input":"required name=search_term_string"}],"inLanguage":"en-GB"},{"@type":"Organization","@id":"https:\/\/sartorial-matters.com\/#organization","name":"Sartorial Matters","url":"https:\/\/sartorial-matters.com\/","logo":{"@type":"ImageObject","inLanguage":"en-GB","@id":"https:\/\/sartorial-matters.com\/#\/schema\/logo\/image\/","url":"https:\/\/sartorial-matters.com\/wp-content\/uploads\/2022\/05\/Logo-Parapluie.png","contentUrl":"https:\/\/sartorial-matters.com\/wp-content\/uploads\/2022\/05\/Logo-Parapluie.png","width":2000,"height":220,"caption":"Sartorial Matters"},"image":{"@id":"https:\/\/sartorial-matters.com\/#\/schema\/logo\/image\/"},"sameAs":["https:\/\/twitter.com\/leseulclement","https:\/\/www.instagram.com\/sartorialmattersfrance\/"]}]}},"_links":{"self":[{"href":"https:\/\/sartorial-matters.com\/en\/wp-json\/wp\/v2\/pages\/329","targetHints":{"allow":["GET"]}}],"collection":[{"href":"https:\/\/sartorial-matters.com\/en\/wp-json\/wp\/v2\/pages"}],"about":[{"href":"https:\/\/sartorial-matters.com\/en\/wp-json\/wp\/v2\/types\/page"}],"author":[{"embeddable":true,"href":"https:\/\/sartorial-matters.com\/en\/wp-json\/wp\/v2\/users\/1"}],"replies":[{"embeddable":true,"href":"https:\/\/sartorial-matters.com\/en\/wp-json\/wp\/v2\/comments?post=329"}],"version-history":[{"count":4,"href":"https:\/\/sartorial-matters.com\/en\/wp-json\/wp\/v2\/pages\/329\/revisions"}],"predecessor-version":[{"id":337,"href":"https:\/\/sartorial-matters.com\/en\/wp-json\/wp\/v2\/pages\/329\/revisions\/337"}],"wp:attachment":[{"href":"https:\/\/sartorial-matters.com\/en\/wp-json\/wp\/v2\/media?parent=329"}],"curies":[{"name":"wp","href":"https:\/\/api.w.org\/{rel}","templated":true}]}}